{"id":9735,"date":"2026-02-07T15:15:18","date_gmt":"2026-02-07T08:15:18","guid":{"rendered":"https:\/\/thichve.com\/index.php\/product\/qua-cau-tuyet-xich-lo-tp-hcm\/"},"modified":"2026-04-23T08:42:05","modified_gmt":"2026-04-23T01:42:05","slug":"qua-cau-tuyet-xich-lo-tp-hcm","status":"publish","type":"product","link":"https:\/\/thichve.com\/index.php\/product\/qua-cau-tuyet-xich-lo-tp-hcm\/","title":{"rendered":"Qu\u1ea3 c\u1ea7u tuy\u1ebft X\u00edch L\u00f4 &#8211; TP HCM"},"content":{"rendered":"<p>C\u00f2n kh\u1ea5u hao: thi\u1ebft k\u1ebf, khu\u00f4n<\/p>\n","protected":false},"excerpt":{"rendered":"<p>C\u00f2n kh\u1ea5u hao: thi\u1ebft k\u1ebf, khu\u00f4n<\/p>\n","protected":false},"featured_media":9734,"comment_status":"open","ping_status":"closed","template":"","meta":[],"etheme_brands":[],"product_brand":[],"product_cat":[42],"product_tag":[],"class_list":{"0":"post-9735","1":"product","2":"type-product","3":"status-publish","4":"has-post-thumbnail","6":"product_cat-qua-cau-tuyet","8":"first","9":"instock","10":"featured","11":"shipping-taxable","12":"product-type-simple"},"_links":{"self":[{"href":"https:\/\/thichve.com\/index.php\/wp-json\/wp\/v2\/product\/9735","targetHints":{"allow":["GET"]}}],"collection":[{"href":"https:\/\/thichve.com\/index.php\/wp-json\/wp\/v2\/product"}],"about":[{"href":"https:\/\/thichve.com\/index.php\/wp-json\/wp\/v2\/types\/product"}],"replies":[{"embeddable":true,"href":"https:\/\/thichve.com\/index.php\/wp-json\/wp\/v2\/comments?post=9735"}],"version-history":[{"count":1,"href":"https:\/\/thichve.com\/index.php\/wp-json\/wp\/v2\/product\/9735\/revisions"}],"predecessor-version":[{"id":9792,"href":"https:\/\/thichve.com\/index.php\/wp-json\/wp\/v2\/product\/9735\/revisions\/9792"}],"wp:featuredmedia":[{"embeddable":true,"href":"https:\/\/thichve.com\/index.php\/wp-json\/wp\/v2\/media\/9734"}],"wp:attachment":[{"href":"https:\/\/thichve.com\/index.php\/wp-json\/wp\/v2\/media?parent=9735"}],"wp:term":[{"taxonomy":"brand","embeddable":true,"href":"https:\/\/thichve.com\/index.php\/wp-json\/wp\/v2\/etheme_brands?post=9735"},{"taxonomy":"product_brand","embeddable":true,"href":"https:\/\/thichve.com\/index.php\/wp-json\/wp\/v2\/product_brand?post=9735"},{"taxonomy":"product_cat","embeddable":true,"href":"https:\/\/thichve.com\/index.php\/wp-json\/wp\/v2\/product_cat?post=9735"},{"taxonomy":"product_tag","embeddable":true,"href":"https:\/\/thichve.com\/index.php\/wp-json\/wp\/v2\/product_tag?post=9735"}],"curies":[{"name":"wp","href":"https:\/\/api.w.org\/{rel}","templated":true}]}}