{"id":9732,"date":"2026-02-07T15:15:17","date_gmt":"2026-02-07T08:15:17","guid":{"rendered":"https:\/\/thichve.com\/index.php\/product\/nam-cham-hit-tu-lanh-banh-mi\/"},"modified":"2026-04-27T12:30:05","modified_gmt":"2026-04-27T05:30:05","slug":"nam-cham-hit-tu-lanh-banh-mi","status":"publish","type":"product","link":"https:\/\/thichve.com\/index.php\/product\/nam-cham-hit-tu-lanh-banh-mi\/","title":{"rendered":"Nam ch\u00e2m h\u00edt t\u1ee7 l\u1ea1nh B\u00e1nh m\u00ec"},"content":{"rendered":"<p>PVC magnet &#8211; Nam ch\u00e2m ch\u1ea5t li\u1ec7u PVC (d\u1ebbo) <\/p>\n<p>Strength (\u0110i\u1ec3m m\u1ea1nh): Anti-broken (kh\u00f4ng b\u1ecb v\u1ee1) <\/p>\n<p>Dimension (K\u00edch th\u01b0\u1edbc): 83.0 * 72.0 mm<\/p>\n<p>Price (Gi\u00e1): 49.000 \u0111 <\/p>\n<\/p>\n<p>International Shipping. <\/p>\n<p>Shipping fee: 5$\/ kg &#8211; 3 pcs per kg. <\/p>\n<p>So, we recommend you buy FROM 2 PCS for saving the shipping cost.<\/p>\n","protected":false},"excerpt":{"rendered":"<p>PVC magnet &#8211; Nam ch\u00e2m ch\u1ea5t li\u1ec7u PVC (d\u1ebbo) Strength (\u0110i\u1ec3m m\u1ea1nh): Anti-broken (kh\u00f4ng b\u1ecb v\u1ee1) Dimension (K\u00edch th\u01b0\u1edbc): 83.0 * 72.0 mm Price (Gi\u00e1): 49.000 \u0111 International Shipping. Shipping fee: 5$\/ kg &#8211; 3 pcs per kg. So, we recommend you buy FROM 2<\/p>\n","protected":false},"featured_media":9728,"comment_status":"open","ping_status":"closed","template":"","meta":[],"etheme_brands":[],"product_brand":[],"product_cat":[47],"product_tag":[],"class_list":{"0":"post-9732","1":"product","2":"type-product","3":"status-publish","4":"has-post-thumbnail","6":"product_cat-nam-cham-deo-kich-thuoc-pho-thong-regular","8":"first","9":"outofstock","10":"featured","11":"shipping-taxable","12":"product-type-simple"},"_links":{"self":[{"href":"https:\/\/thichve.com\/index.php\/wp-json\/wp\/v2\/product\/9732","targetHints":{"allow":["GET"]}}],"collection":[{"href":"https:\/\/thichve.com\/index.php\/wp-json\/wp\/v2\/product"}],"about":[{"href":"https:\/\/thichve.com\/index.php\/wp-json\/wp\/v2\/types\/product"}],"replies":[{"embeddable":true,"href":"https:\/\/thichve.com\/index.php\/wp-json\/wp\/v2\/comments?post=9732"}],"version-history":[{"count":1,"href":"https:\/\/thichve.com\/index.php\/wp-json\/wp\/v2\/product\/9732\/revisions"}],"predecessor-version":[{"id":9793,"href":"https:\/\/thichve.com\/index.php\/wp-json\/wp\/v2\/product\/9732\/revisions\/9793"}],"wp:featuredmedia":[{"embeddable":true,"href":"https:\/\/thichve.com\/index.php\/wp-json\/wp\/v2\/media\/9728"}],"wp:attachment":[{"href":"https:\/\/thichve.com\/index.php\/wp-json\/wp\/v2\/media?parent=9732"}],"wp:term":[{"taxonomy":"brand","embeddable":true,"href":"https:\/\/thichve.com\/index.php\/wp-json\/wp\/v2\/etheme_brands?post=9732"},{"taxonomy":"product_brand","embeddable":true,"href":"https:\/\/thichve.com\/index.php\/wp-json\/wp\/v2\/product_brand?post=9732"},{"taxonomy":"product_cat","embeddable":true,"href":"https:\/\/thichve.com\/index.php\/wp-json\/wp\/v2\/product_cat?post=9732"},{"taxonomy":"product_tag","embeddable":true,"href":"https:\/\/thichve.com\/index.php\/wp-json\/wp\/v2\/product_tag?post=9732"}],"curies":[{"name":"wp","href":"https:\/\/api.w.org\/{rel}","templated":true}]}}