{"id":9699,"date":"2026-02-07T15:15:00","date_gmt":"2026-02-07T08:15:00","guid":{"rendered":"https:\/\/thichve.com\/index.php\/product\/huy-hieu-bia-sai-gon-special\/"},"modified":"2026-04-27T12:18:34","modified_gmt":"2026-04-27T05:18:34","slug":"huy-hieu-bia-sai-gon-special","status":"publish","type":"product","link":"https:\/\/thichve.com\/index.php\/product\/huy-hieu-bia-sai-gon-special\/","title":{"rendered":"Huy hi\u1ec7u Bia S\u00e0i G\u00f2n Special"},"content":{"rendered":"<p style=\"box-sizing:border-box;margin-top:5px;margin-bottom:12px;color:#242424;font-family:Roboto, Helvetica, Arial, sans-serif;font-size:13px;text-align:justify;background-color:#ffffff;\">&#8211; Ch\u1ea5t li\u1ec7u: Kim lo\u1ea1i<\/p>\n<p style=\"box-sizing:border-box;margin-top:5px;margin-bottom:12px;color:#242424;font-family:Roboto, Helvetica, Arial, sans-serif;font-size:13px;text-align:justify;background-color:#ffffff;\">&#8211; K\u00edch th\u01b0\u1edbc: nh\u1ecf g\u1ecdn 5cm*2cm<\/p>\n<p style=\"box-sizing:border-box;margin-top:5px;margin-bottom:12px;color:#242424;font-family:Roboto, Helvetica, Arial, sans-serif;font-size:13px;text-align:justify;background-color:#ffffff;\">&#8211; Ch\u1ea5t l\u01b0\u1ee3ng: t\u1ed1t, m\u00e0u s\u1eafc b\u1eaft m\u1eaft, b\u1ed9 ph\u1eadn ghim ch\u1ea5t l\u01b0\u1ee3ng cao, kh\u00e1ch h\u00e0ng r\u1ea5t d\u1ec5 d\u00e0ng ghim v\u00e0o t\u00fai\/ balo\/ n\u00f3n<\/p>\n<p style=\"box-sizing:border-box;margin-top:5px;margin-bottom:12px;color:#242424;font-family:Roboto, Helvetica, Arial, sans-serif;font-size:13px;text-align:justify;background-color:#ffffff;\">&#8211; Kh\u1eafc ho\u1ea1 h\u00ecnh \u1ea3nh \u0111\u1eb7c tr\u01b0ng chai bia Saigon Special<\/p>\n","protected":false},"excerpt":{"rendered":"<p>&#8211; Ch\u1ea5t li\u1ec7u: Kim lo\u1ea1i &#8211; K\u00edch th\u01b0\u1edbc: nh\u1ecf g\u1ecdn 5cm*2cm &#8211; Ch\u1ea5t l\u01b0\u1ee3ng: t\u1ed1t, m\u00e0u s\u1eafc b\u1eaft m\u1eaft, b\u1ed9 ph\u1eadn ghim ch\u1ea5t l\u01b0\u1ee3ng cao, kh\u00e1ch h\u00e0ng r\u1ea5t d\u1ec5 d\u00e0ng ghim v\u00e0o t\u00fai\/ balo\/ n\u00f3n &#8211; Kh\u1eafc ho\u1ea1 h\u00ecnh \u1ea3nh \u0111\u1eb7c tr\u01b0ng chai bia Saigon<\/p>\n","protected":false},"featured_media":9694,"comment_status":"open","ping_status":"closed","template":"","meta":[],"etheme_brands":[],"product_brand":[],"product_cat":[45],"product_tag":[],"class_list":{"0":"post-9699","1":"product","2":"type-product","3":"status-publish","4":"has-post-thumbnail","6":"product_cat-huy-hieu-kim-loai","8":"first","9":"outofstock","10":"featured","11":"shipping-taxable","12":"product-type-simple"},"_links":{"self":[{"href":"https:\/\/thichve.com\/index.php\/wp-json\/wp\/v2\/product\/9699","targetHints":{"allow":["GET"]}}],"collection":[{"href":"https:\/\/thichve.com\/index.php\/wp-json\/wp\/v2\/product"}],"about":[{"href":"https:\/\/thichve.com\/index.php\/wp-json\/wp\/v2\/types\/product"}],"replies":[{"embeddable":true,"href":"https:\/\/thichve.com\/index.php\/wp-json\/wp\/v2\/comments?post=9699"}],"version-history":[{"count":1,"href":"https:\/\/thichve.com\/index.php\/wp-json\/wp\/v2\/product\/9699\/revisions"}],"predecessor-version":[{"id":9805,"href":"https:\/\/thichve.com\/index.php\/wp-json\/wp\/v2\/product\/9699\/revisions\/9805"}],"wp:featuredmedia":[{"embeddable":true,"href":"https:\/\/thichve.com\/index.php\/wp-json\/wp\/v2\/media\/9694"}],"wp:attachment":[{"href":"https:\/\/thichve.com\/index.php\/wp-json\/wp\/v2\/media?parent=9699"}],"wp:term":[{"taxonomy":"brand","embeddable":true,"href":"https:\/\/thichve.com\/index.php\/wp-json\/wp\/v2\/etheme_brands?post=9699"},{"taxonomy":"product_brand","embeddable":true,"href":"https:\/\/thichve.com\/index.php\/wp-json\/wp\/v2\/product_brand?post=9699"},{"taxonomy":"product_cat","embeddable":true,"href":"https:\/\/thichve.com\/index.php\/wp-json\/wp\/v2\/product_cat?post=9699"},{"taxonomy":"product_tag","embeddable":true,"href":"https:\/\/thichve.com\/index.php\/wp-json\/wp\/v2\/product_tag?post=9699"}],"curies":[{"name":"wp","href":"https:\/\/api.w.org\/{rel}","templated":true}]}}