{"id":9693,"date":"2026-02-07T15:14:56","date_gmt":"2026-02-07T08:14:56","guid":{"rendered":"https:\/\/thichve.com\/index.php\/product\/nam-cham-hit-tu-lanh-canh-sac-viet-nam-1-cau-rong\/"},"modified":"2026-04-25T14:28:47","modified_gmt":"2026-04-25T07:28:47","slug":"nam-cham-hit-tu-lanh-canh-sac-viet-nam-1-cau-rong","status":"publish","type":"product","link":"https:\/\/thichve.com\/index.php\/product\/nam-cham-hit-tu-lanh-canh-sac-viet-nam-1-cau-rong\/","title":{"rendered":"Nam ch\u00e2m h\u00edt t\u1ee7 l\u1ea1nh C\u1ea3nh s\u1eafc Vi\u1ec7t Nam 1 (C\u1ea7u R\u1ed3ng)"},"content":{"rendered":"<ul style=\"box-sizing:border-box;margin-top:0px;margin-bottom:10px;color:#333333;font-family:Roboto, Helvetica, Arial, sans-serif;font-size:13px;text-align:justify;background-color:#ffffff;\">\n<li style=\"box-sizing:border-box;\"><span style=\"box-sizing:border-box;\">Nam Ch\u00e2m L\u01b0u Ni\u1ec7m &#8211; C\u1ea3nh s\u1eafc Vi\u1ec7t Nam<\/span>\u00a0\u0111\u01b0\u1ee3c l\u00e0m b\u1eb1ng nh\u1ef1a d\u1ebbo PVC, b\u1ec1n, cho th\u1eddi gian s\u1eed d\u1ee5ng l\u00e2u d\u00e0i.<\/li>\n<li style=\"box-sizing:border-box;\">S\u1ea3n ph\u1ea9m c\u00f3 h\u00ecnh \u1ea3nh \u0111\u1eb9p m\u1eaft, \u1ea5n t\u01b0\u1ee3ng, m\u00e0u s\u1eafc t\u01b0\u01a1i s\u00e1ng, n\u1ed5i b\u1eadt, l\u00e0 m\u00f3n qu\u00e0 l\u01b0u ni\u1ec7m, trang tr\u00ed v\u00f4 c\u00f9ng xinh x\u1eafn m\u00e0 b\u1ea1n c\u00f3 th\u1ec3 d\u00e0nh t\u1eb7ng cho ng\u01b0\u1eddi th\u00e2n, b\u1ea1n b\u00e8 qu\u1ed1c t\u1ebf v\u00e0o nh\u1eefng d\u1ecbp \u0111\u1eb7c bi\u1ec7t.<\/li>\n<li style=\"box-sizing:border-box;\">B\u1ec1 m\u1eb7t nam ch\u00e2m l\u1edbn, t\u1ea1o l\u1ef1c h\u00edt m\u1ea1nh, c\u00f3 th\u1ec3 c\u1ed1 \u0111\u1ecbnh ch\u1eafc ch\u1eafn trong th\u1eddi gian d\u00e0i.<\/li>\n<li style=\"box-sizing:border-box;\">Kh\u1eafc ho\u1ea1 nh\u1eefng c\u1ea3nh s\u1eafc n\u1ed5i b\u1eadt c\u1ee7a Vi\u1ec7t Nam t\u1eeb Nam ra B\u1eafc: ch\u1ee3 B\u1ebfn Th\u00e0nh, th\u00e1p Tr\u1ea7m H\u01b0\u01a1ng Nha Trang, c\u1ea7u R\u1ed3ng \u0110\u00e0 N\u1eb5ng v\u00e0 ch\u1ee3 B\u1ebfn Th\u00e0nh Vi\u1ec7t Nam.<\/li>\n<\/ul>\n","protected":false},"excerpt":{"rendered":"<p>Nam Ch\u00e2m L\u01b0u Ni\u1ec7m &#8211; C\u1ea3nh s\u1eafc Vi\u1ec7t Nam\u00a0\u0111\u01b0\u1ee3c l\u00e0m b\u1eb1ng nh\u1ef1a d\u1ebbo PVC, b\u1ec1n, cho th\u1eddi gian s\u1eed d\u1ee5ng l\u00e2u d\u00e0i. S\u1ea3n ph\u1ea9m c\u00f3 h\u00ecnh \u1ea3nh \u0111\u1eb9p m\u1eaft, \u1ea5n t\u01b0\u1ee3ng, m\u00e0u s\u1eafc t\u01b0\u01a1i s\u00e1ng, n\u1ed5i b\u1eadt, l\u00e0 m\u00f3n qu\u00e0 l\u01b0u ni\u1ec7m, trang tr\u00ed v\u00f4<\/p>\n","protected":false},"featured_media":9688,"comment_status":"open","ping_status":"closed","template":"","meta":[],"etheme_brands":[],"product_brand":[],"product_cat":[47],"product_tag":[],"class_list":{"0":"post-9693","1":"product","2":"type-product","3":"status-publish","4":"has-post-thumbnail","6":"product_cat-nam-cham-deo-kich-thuoc-pho-thong-regular","8":"first","9":"outofstock","10":"featured","11":"shipping-taxable","12":"product-type-simple"},"_links":{"self":[{"href":"https:\/\/thichve.com\/index.php\/wp-json\/wp\/v2\/product\/9693","targetHints":{"allow":["GET"]}}],"collection":[{"href":"https:\/\/thichve.com\/index.php\/wp-json\/wp\/v2\/product"}],"about":[{"href":"https:\/\/thichve.com\/index.php\/wp-json\/wp\/v2\/types\/product"}],"replies":[{"embeddable":true,"href":"https:\/\/thichve.com\/index.php\/wp-json\/wp\/v2\/comments?post=9693"}],"version-history":[{"count":1,"href":"https:\/\/thichve.com\/index.php\/wp-json\/wp\/v2\/product\/9693\/revisions"}],"predecessor-version":[{"id":9806,"href":"https:\/\/thichve.com\/index.php\/wp-json\/wp\/v2\/product\/9693\/revisions\/9806"}],"wp:featuredmedia":[{"embeddable":true,"href":"https:\/\/thichve.com\/index.php\/wp-json\/wp\/v2\/media\/9688"}],"wp:attachment":[{"href":"https:\/\/thichve.com\/index.php\/wp-json\/wp\/v2\/media?parent=9693"}],"wp:term":[{"taxonomy":"brand","embeddable":true,"href":"https:\/\/thichve.com\/index.php\/wp-json\/wp\/v2\/etheme_brands?post=9693"},{"taxonomy":"product_brand","embeddable":true,"href":"https:\/\/thichve.com\/index.php\/wp-json\/wp\/v2\/product_brand?post=9693"},{"taxonomy":"product_cat","embeddable":true,"href":"https:\/\/thichve.com\/index.php\/wp-json\/wp\/v2\/product_cat?post=9693"},{"taxonomy":"product_tag","embeddable":true,"href":"https:\/\/thichve.com\/index.php\/wp-json\/wp\/v2\/product_tag?post=9693"}],"curies":[{"name":"wp","href":"https:\/\/api.w.org\/{rel}","templated":true}]}}