{"id":9471,"date":"2026-02-07T15:13:14","date_gmt":"2026-02-07T08:13:14","guid":{"rendered":"https:\/\/thichve.com\/index.php\/product\/huy-hieu-co-gai-ao-dai-vespa\/"},"modified":"2026-04-25T14:28:48","modified_gmt":"2026-04-25T07:28:48","slug":"huy-hieu-co-gai-ao-dai-vespa","status":"publish","type":"product","link":"https:\/\/thichve.com\/index.php\/product\/huy-hieu-co-gai-ao-dai-vespa\/","title":{"rendered":"Huy hi\u1ec7u C\u00f4 g\u00e1i \u00e1o d\u00e0i Vespa"},"content":{"rendered":"","protected":false},"excerpt":{"rendered":"","protected":false},"featured_media":9470,"comment_status":"open","ping_status":"closed","template":"","meta":[],"etheme_brands":[],"product_brand":[],"product_cat":[45],"product_tag":[],"class_list":{"0":"post-9471","1":"product","2":"type-product","3":"status-publish","4":"has-post-thumbnail","6":"product_cat-huy-hieu-kim-loai","8":"first","9":"instock","10":"shipping-taxable","11":"product-type-simple"},"_links":{"self":[{"href":"https:\/\/thichve.com\/index.php\/wp-json\/wp\/v2\/product\/9471","targetHints":{"allow":["GET"]}}],"collection":[{"href":"https:\/\/thichve.com\/index.php\/wp-json\/wp\/v2\/product"}],"about":[{"href":"https:\/\/thichve.com\/index.php\/wp-json\/wp\/v2\/types\/product"}],"replies":[{"embeddable":true,"href":"https:\/\/thichve.com\/index.php\/wp-json\/wp\/v2\/comments?post=9471"}],"version-history":[{"count":0,"href":"https:\/\/thichve.com\/index.php\/wp-json\/wp\/v2\/product\/9471\/revisions"}],"wp:featuredmedia":[{"embeddable":true,"href":"https:\/\/thichve.com\/index.php\/wp-json\/wp\/v2\/media\/9470"}],"wp:attachment":[{"href":"https:\/\/thichve.com\/index.php\/wp-json\/wp\/v2\/media?parent=9471"}],"wp:term":[{"taxonomy":"brand","embeddable":true,"href":"https:\/\/thichve.com\/index.php\/wp-json\/wp\/v2\/etheme_brands?post=9471"},{"taxonomy":"product_brand","embeddable":true,"href":"https:\/\/thichve.com\/index.php\/wp-json\/wp\/v2\/product_brand?post=9471"},{"taxonomy":"product_cat","embeddable":true,"href":"https:\/\/thichve.com\/index.php\/wp-json\/wp\/v2\/product_cat?post=9471"},{"taxonomy":"product_tag","embeddable":true,"href":"https:\/\/thichve.com\/index.php\/wp-json\/wp\/v2\/product_tag?post=9471"}],"curies":[{"name":"wp","href":"https:\/\/api.w.org\/{rel}","templated":true}]}}