{"id":9381,"date":"2026-02-07T15:12:49","date_gmt":"2026-02-07T08:12:49","guid":{"rendered":"https:\/\/thichve.com\/index.php\/product\/huy-hieu-co-gai-trai-tim-ao-dai-trang-finger-heart\/"},"modified":"2026-04-28T05:03:12","modified_gmt":"2026-04-27T22:03:12","slug":"huy-hieu-co-gai-trai-tim-ao-dai-trang-finger-heart","status":"publish","type":"product","link":"https:\/\/thichve.com\/index.php\/product\/huy-hieu-co-gai-trai-tim-ao-dai-trang-finger-heart\/","title":{"rendered":"Huy hi\u1ec7u c\u00f4 g\u00e1i tr\u00e1i tim \u00c1o d\u00e0i Tr\u1eafng (Finger-heart)"},"content":{"rendered":"","protected":false},"excerpt":{"rendered":"","protected":false},"featured_media":9380,"comment_status":"open","ping_status":"closed","template":"","meta":[],"etheme_brands":[],"product_brand":[],"product_cat":[45],"product_tag":[],"class_list":{"0":"post-9381","1":"product","2":"type-product","3":"status-publish","4":"has-post-thumbnail","6":"product_cat-huy-hieu-kim-loai","8":"first","9":"instock","10":"shipping-taxable","11":"product-type-simple"},"_links":{"self":[{"href":"https:\/\/thichve.com\/index.php\/wp-json\/wp\/v2\/product\/9381","targetHints":{"allow":["GET"]}}],"collection":[{"href":"https:\/\/thichve.com\/index.php\/wp-json\/wp\/v2\/product"}],"about":[{"href":"https:\/\/thichve.com\/index.php\/wp-json\/wp\/v2\/types\/product"}],"replies":[{"embeddable":true,"href":"https:\/\/thichve.com\/index.php\/wp-json\/wp\/v2\/comments?post=9381"}],"version-history":[{"count":0,"href":"https:\/\/thichve.com\/index.php\/wp-json\/wp\/v2\/product\/9381\/revisions"}],"wp:featuredmedia":[{"embeddable":true,"href":"https:\/\/thichve.com\/index.php\/wp-json\/wp\/v2\/media\/9380"}],"wp:attachment":[{"href":"https:\/\/thichve.com\/index.php\/wp-json\/wp\/v2\/media?parent=9381"}],"wp:term":[{"taxonomy":"brand","embeddable":true,"href":"https:\/\/thichve.com\/index.php\/wp-json\/wp\/v2\/etheme_brands?post=9381"},{"taxonomy":"product_brand","embeddable":true,"href":"https:\/\/thichve.com\/index.php\/wp-json\/wp\/v2\/product_brand?post=9381"},{"taxonomy":"product_cat","embeddable":true,"href":"https:\/\/thichve.com\/index.php\/wp-json\/wp\/v2\/product_cat?post=9381"},{"taxonomy":"product_tag","embeddable":true,"href":"https:\/\/thichve.com\/index.php\/wp-json\/wp\/v2\/product_tag?post=9381"}],"curies":[{"name":"wp","href":"https:\/\/api.w.org\/{rel}","templated":true}]}}