{"id":9085,"date":"2026-02-07T15:10:28","date_gmt":"2026-02-07T08:10:28","guid":{"rendered":"https:\/\/thichve.com\/index.php\/product\/huy-hieu-phu-yen-hai-dang-ghenh-da-dia\/"},"modified":"2026-04-27T20:52:54","modified_gmt":"2026-04-27T13:52:54","slug":"huy-hieu-phu-yen-hai-dang-ghenh-da-dia","status":"publish","type":"product","link":"https:\/\/thichve.com\/index.php\/product\/huy-hieu-phu-yen-hai-dang-ghenh-da-dia\/","title":{"rendered":"Huy hi\u1ec7u Ph\u00fa Y\u00ean (h\u1ea3i \u0111\u0103ng, gh\u1ec1nh \u0110\u00e1 \u0110\u0129a)"},"content":{"rendered":"","protected":false},"excerpt":{"rendered":"","protected":false},"featured_media":9084,"comment_status":"open","ping_status":"closed","template":"","meta":[],"etheme_brands":[],"product_brand":[],"product_cat":[45],"product_tag":[],"class_list":{"0":"post-9085","1":"product","2":"type-product","3":"status-publish","4":"has-post-thumbnail","6":"product_cat-huy-hieu-kim-loai","8":"first","9":"instock","10":"shipping-taxable","11":"product-type-simple"},"_links":{"self":[{"href":"https:\/\/thichve.com\/index.php\/wp-json\/wp\/v2\/product\/9085","targetHints":{"allow":["GET"]}}],"collection":[{"href":"https:\/\/thichve.com\/index.php\/wp-json\/wp\/v2\/product"}],"about":[{"href":"https:\/\/thichve.com\/index.php\/wp-json\/wp\/v2\/types\/product"}],"replies":[{"embeddable":true,"href":"https:\/\/thichve.com\/index.php\/wp-json\/wp\/v2\/comments?post=9085"}],"version-history":[{"count":0,"href":"https:\/\/thichve.com\/index.php\/wp-json\/wp\/v2\/product\/9085\/revisions"}],"wp:featuredmedia":[{"embeddable":true,"href":"https:\/\/thichve.com\/index.php\/wp-json\/wp\/v2\/media\/9084"}],"wp:attachment":[{"href":"https:\/\/thichve.com\/index.php\/wp-json\/wp\/v2\/media?parent=9085"}],"wp:term":[{"taxonomy":"brand","embeddable":true,"href":"https:\/\/thichve.com\/index.php\/wp-json\/wp\/v2\/etheme_brands?post=9085"},{"taxonomy":"product_brand","embeddable":true,"href":"https:\/\/thichve.com\/index.php\/wp-json\/wp\/v2\/product_brand?post=9085"},{"taxonomy":"product_cat","embeddable":true,"href":"https:\/\/thichve.com\/index.php\/wp-json\/wp\/v2\/product_cat?post=9085"},{"taxonomy":"product_tag","embeddable":true,"href":"https:\/\/thichve.com\/index.php\/wp-json\/wp\/v2\/product_tag?post=9085"}],"curies":[{"name":"wp","href":"https:\/\/api.w.org\/{rel}","templated":true}]}}