{"id":9044,"date":"2026-02-07T15:10:08","date_gmt":"2026-02-07T08:10:08","guid":{"rendered":"https:\/\/thichve.com\/index.php\/product\/nam-cham-hit-tu-lanh-nha-trang-thap-tram-thap-ba-nha-tho-nha-hat\/"},"modified":"2026-04-25T14:50:39","modified_gmt":"2026-04-25T07:50:39","slug":"nam-cham-hit-tu-lanh-nha-trang-thap-tram-thap-ba-nha-tho-nha-hat","status":"publish","type":"product","link":"https:\/\/thichve.com\/index.php\/product\/nam-cham-hit-tu-lanh-nha-trang-thap-tram-thap-ba-nha-tho-nha-hat\/","title":{"rendered":"Nam ch\u00e2m h\u00edt t\u1ee7 l\u1ea1nh Nha Trang (Th\u00e1p Tr\u1ea7m, Th\u00e1p B\u00e0, Nh\u00e0 th\u1edd, Nh\u00e0 h\u00e1t)"},"content":{"rendered":"","protected":false},"excerpt":{"rendered":"","protected":false},"featured_media":9043,"comment_status":"open","ping_status":"closed","template":"","meta":[],"etheme_brands":[],"product_brand":[],"product_cat":[47],"product_tag":[],"class_list":{"0":"post-9044","1":"product","2":"type-product","3":"status-publish","4":"has-post-thumbnail","6":"product_cat-nam-cham-deo-kich-thuoc-pho-thong-regular","8":"first","9":"instock","10":"shipping-taxable","11":"product-type-simple"},"_links":{"self":[{"href":"https:\/\/thichve.com\/index.php\/wp-json\/wp\/v2\/product\/9044","targetHints":{"allow":["GET"]}}],"collection":[{"href":"https:\/\/thichve.com\/index.php\/wp-json\/wp\/v2\/product"}],"about":[{"href":"https:\/\/thichve.com\/index.php\/wp-json\/wp\/v2\/types\/product"}],"replies":[{"embeddable":true,"href":"https:\/\/thichve.com\/index.php\/wp-json\/wp\/v2\/comments?post=9044"}],"version-history":[{"count":0,"href":"https:\/\/thichve.com\/index.php\/wp-json\/wp\/v2\/product\/9044\/revisions"}],"wp:featuredmedia":[{"embeddable":true,"href":"https:\/\/thichve.com\/index.php\/wp-json\/wp\/v2\/media\/9043"}],"wp:attachment":[{"href":"https:\/\/thichve.com\/index.php\/wp-json\/wp\/v2\/media?parent=9044"}],"wp:term":[{"taxonomy":"brand","embeddable":true,"href":"https:\/\/thichve.com\/index.php\/wp-json\/wp\/v2\/etheme_brands?post=9044"},{"taxonomy":"product_brand","embeddable":true,"href":"https:\/\/thichve.com\/index.php\/wp-json\/wp\/v2\/product_brand?post=9044"},{"taxonomy":"product_cat","embeddable":true,"href":"https:\/\/thichve.com\/index.php\/wp-json\/wp\/v2\/product_cat?post=9044"},{"taxonomy":"product_tag","embeddable":true,"href":"https:\/\/thichve.com\/index.php\/wp-json\/wp\/v2\/product_tag?post=9044"}],"curies":[{"name":"wp","href":"https:\/\/api.w.org\/{rel}","templated":true}]}}