{"id":8986,"date":"2026-02-07T15:09:34","date_gmt":"2026-02-07T08:09:34","guid":{"rendered":"https:\/\/thichve.com\/index.php\/product\/nam-cham-kim-loai-dap-noi-hinh-viet-nam-8-cau-the-huc-kinh-thanh-hue-dinh-doc-lap\/"},"modified":"2026-04-24T08:15:07","modified_gmt":"2026-04-24T01:15:07","slug":"nam-cham-kim-loai-dap-noi-hinh-viet-nam-8-cau-the-huc-kinh-thanh-hue-dinh-doc-lap","status":"publish","type":"product","link":"https:\/\/thichve.com\/index.php\/product\/nam-cham-kim-loai-dap-noi-hinh-viet-nam-8-cau-the-huc-kinh-thanh-hue-dinh-doc-lap\/","title":{"rendered":"Nam ch\u00e2m kim lo\u1ea1i d\u1eadp n\u1ed5i H\u00ecnh Vi\u1ec7t Nam 8 (c\u1ea7u Th\u00ea H\u00fac, Kinh th\u00e0nh Hu\u1ebf, Dinh \u0110\u1ed9c L\u1eadp))"},"content":{"rendered":"","protected":false},"excerpt":{"rendered":"","protected":false},"featured_media":8985,"comment_status":"open","ping_status":"closed","template":"","meta":[],"etheme_brands":[],"product_brand":[],"product_cat":[75],"product_tag":[],"class_list":{"0":"post-8986","1":"product","2":"type-product","3":"status-publish","4":"has-post-thumbnail","6":"product_cat-size-6x8cm-co-vien","8":"first","9":"instock","10":"shipping-taxable","11":"product-type-simple"},"_links":{"self":[{"href":"https:\/\/thichve.com\/index.php\/wp-json\/wp\/v2\/product\/8986","targetHints":{"allow":["GET"]}}],"collection":[{"href":"https:\/\/thichve.com\/index.php\/wp-json\/wp\/v2\/product"}],"about":[{"href":"https:\/\/thichve.com\/index.php\/wp-json\/wp\/v2\/types\/product"}],"replies":[{"embeddable":true,"href":"https:\/\/thichve.com\/index.php\/wp-json\/wp\/v2\/comments?post=8986"}],"version-history":[{"count":0,"href":"https:\/\/thichve.com\/index.php\/wp-json\/wp\/v2\/product\/8986\/revisions"}],"wp:featuredmedia":[{"embeddable":true,"href":"https:\/\/thichve.com\/index.php\/wp-json\/wp\/v2\/media\/8985"}],"wp:attachment":[{"href":"https:\/\/thichve.com\/index.php\/wp-json\/wp\/v2\/media?parent=8986"}],"wp:term":[{"taxonomy":"brand","embeddable":true,"href":"https:\/\/thichve.com\/index.php\/wp-json\/wp\/v2\/etheme_brands?post=8986"},{"taxonomy":"product_brand","embeddable":true,"href":"https:\/\/thichve.com\/index.php\/wp-json\/wp\/v2\/product_brand?post=8986"},{"taxonomy":"product_cat","embeddable":true,"href":"https:\/\/thichve.com\/index.php\/wp-json\/wp\/v2\/product_cat?post=8986"},{"taxonomy":"product_tag","embeddable":true,"href":"https:\/\/thichve.com\/index.php\/wp-json\/wp\/v2\/product_tag?post=8986"}],"curies":[{"name":"wp","href":"https:\/\/api.w.org\/{rel}","templated":true}]}}