{"id":8980,"date":"2026-02-07T15:09:31","date_gmt":"2026-02-07T08:09:31","guid":{"rendered":"https:\/\/thichve.com\/index.php\/product\/nam-cham-kim-loai-dap-noi-hinh-viet-nam-11-tay-nguyen-tay-bac-mien-tay\/"},"modified":"2026-04-23T14:08:12","modified_gmt":"2026-04-23T07:08:12","slug":"nam-cham-kim-loai-dap-noi-hinh-viet-nam-11-tay-nguyen-tay-bac-mien-tay","status":"publish","type":"product","link":"https:\/\/thichve.com\/index.php\/product\/nam-cham-kim-loai-dap-noi-hinh-viet-nam-11-tay-nguyen-tay-bac-mien-tay\/","title":{"rendered":"Nam ch\u00e2m kim lo\u1ea1i d\u1eadp n\u1ed5i H\u00ecnh Vi\u1ec7t Nam 11 (T\u00e2y Nguy\u00ean, T\u00e2y B\u1eafc, mi\u1ec1n T\u00e2y)"},"content":{"rendered":"","protected":false},"excerpt":{"rendered":"","protected":false},"featured_media":8979,"comment_status":"open","ping_status":"closed","template":"","meta":[],"etheme_brands":[],"product_brand":[],"product_cat":[75],"product_tag":[],"class_list":{"0":"post-8980","1":"product","2":"type-product","3":"status-publish","4":"has-post-thumbnail","6":"product_cat-size-6x8cm-co-vien","8":"first","9":"instock","10":"shipping-taxable","11":"product-type-simple"},"_links":{"self":[{"href":"https:\/\/thichve.com\/index.php\/wp-json\/wp\/v2\/product\/8980","targetHints":{"allow":["GET"]}}],"collection":[{"href":"https:\/\/thichve.com\/index.php\/wp-json\/wp\/v2\/product"}],"about":[{"href":"https:\/\/thichve.com\/index.php\/wp-json\/wp\/v2\/types\/product"}],"replies":[{"embeddable":true,"href":"https:\/\/thichve.com\/index.php\/wp-json\/wp\/v2\/comments?post=8980"}],"version-history":[{"count":0,"href":"https:\/\/thichve.com\/index.php\/wp-json\/wp\/v2\/product\/8980\/revisions"}],"wp:featuredmedia":[{"embeddable":true,"href":"https:\/\/thichve.com\/index.php\/wp-json\/wp\/v2\/media\/8979"}],"wp:attachment":[{"href":"https:\/\/thichve.com\/index.php\/wp-json\/wp\/v2\/media?parent=8980"}],"wp:term":[{"taxonomy":"brand","embeddable":true,"href":"https:\/\/thichve.com\/index.php\/wp-json\/wp\/v2\/etheme_brands?post=8980"},{"taxonomy":"product_brand","embeddable":true,"href":"https:\/\/thichve.com\/index.php\/wp-json\/wp\/v2\/product_brand?post=8980"},{"taxonomy":"product_cat","embeddable":true,"href":"https:\/\/thichve.com\/index.php\/wp-json\/wp\/v2\/product_cat?post=8980"},{"taxonomy":"product_tag","embeddable":true,"href":"https:\/\/thichve.com\/index.php\/wp-json\/wp\/v2\/product_tag?post=8980"}],"curies":[{"name":"wp","href":"https:\/\/api.w.org\/{rel}","templated":true}]}}